{"id":186,"date":"2019-10-01T19:16:04","date_gmt":"2019-10-01T19:16:04","guid":{"rendered":"https:\/\/zkk-gospic.hr\/?page_id=186"},"modified":"2019-10-01T19:16:04","modified_gmt":"2019-10-01T19:16:04","slug":"dokumenti","status":"publish","type":"page","link":"https:\/\/zkk-gospic.hr\/index.php\/dokumenti\/","title":{"rendered":"DOKUMENTI"},"content":{"rendered":"<p><a href=\"https:\/\/zkk-gospic.hr\/wp-content\/uploads\/2019\/10\/Kalendar-natjecanja-\u017eenskih-ekipa-za-sezonu-2019-20.pdf\">Kalendar natjecanja \u017eenskih ekipa za sezonu 2019-20<\/a>20<\/p>\n<p><a href=\"https:\/\/zkk-gospic.hr\/wp-content\/uploads\/2019\/10\/Propozicije-natjecanja-Druge-\u017eenske-lige-za-sezonu-2019-20-Pro\u010di\u0161\u0107eni-tekst.pdf\">Propozicije natjecanja Druge \u017eenske lige za sezonu 2019-20 &#8211; Pro\u010di\u0161\u0107eni tekst<\/a><\/p>\n","protected":false},"excerpt":{"rendered":"<p>Kalendar natjecanja \u017eenskih ekipa za sezonu 2019-2020 Propozicije natjecanja Druge \u017eenske lige za sezonu 2019-20 &#8211; Pro\u010di\u0161\u0107eni tekst<\/p>\n","protected":false},"author":1,"featured_media":0,"parent":0,"menu_order":0,"comment_status":"closed","ping_status":"closed","template":"","meta":{"footnotes":""},"class_list":["post-186","page","type-page","status-publish","hentry"],"_links":{"self":[{"href":"https:\/\/zkk-gospic.hr\/index.php\/wp-json\/wp\/v2\/pages\/186","targetHints":{"allow":["GET"]}}],"collection":[{"href":"https:\/\/zkk-gospic.hr\/index.php\/wp-json\/wp\/v2\/pages"}],"about":[{"href":"https:\/\/zkk-gospic.hr\/index.php\/wp-json\/wp\/v2\/types\/page"}],"author":[{"embeddable":true,"href":"https:\/\/zkk-gospic.hr\/index.php\/wp-json\/wp\/v2\/users\/1"}],"replies":[{"embeddable":true,"href":"https:\/\/zkk-gospic.hr\/index.php\/wp-json\/wp\/v2\/comments?post=186"}],"version-history":[{"count":1,"href":"https:\/\/zkk-gospic.hr\/index.php\/wp-json\/wp\/v2\/pages\/186\/revisions"}],"predecessor-version":[{"id":189,"href":"https:\/\/zkk-gospic.hr\/index.php\/wp-json\/wp\/v2\/pages\/186\/revisions\/189"}],"wp:attachment":[{"href":"https:\/\/zkk-gospic.hr\/index.php\/wp-json\/wp\/v2\/media?parent=186"}],"curies":[{"name":"wp","href":"https:\/\/api.w.org\/{rel}","templated":true}]}}